{"id":8870,"date":"2026-01-25T23:38:11","date_gmt":"2026-01-25T23:38:11","guid":{"rendered":"https:\/\/electrometal.cl\/?post_type=product&#038;p=8870"},"modified":"2026-01-25T23:38:33","modified_gmt":"2026-01-25T23:38:33","slug":"rack-exterior-telecomunicaciones-de-piso-42-ur-600-x-800-prof-con-brazo-antivandalico-ip-65","status":"publish","type":"product","link":"https:\/\/electrometal.cl\/index.php\/producto\/rack-exterior-telecomunicaciones-de-piso-42-ur-600-x-800-prof-con-brazo-antivandalico-ip-65\/","title":{"rendered":"Rack Exterior Telecomunicaciones de Piso 42 UR 600  X 800 (prof.) con Brazo Antivandalico IP 65"},"content":{"rendered":"<div>\n<div>\n<ul>\n<li><span style=\"color: #000000;\">Para instalaci\u00f3n de equipos de redes y telecomunicaciones de 19&#8243;.<\/span><\/li>\n<\/ul>\n<\/div>\n<\/div>\n<div>\n<div>\n<ul>\n<li><span style=\"color: #000000;\">Fabricado en acero laminado en fr\u00edo.<\/span><\/li>\n<\/ul>\n<\/div>\n<\/div>\n<div>\n<div>\n<ul>\n<li><span style=\"color: #000000;\">Techo prolongado con los costados doblados con salida de aire.<\/span><\/li>\n<\/ul>\n<\/div>\n<\/div>\n<div>\n<div>\n<ul>\n<li><span style=\"color: #000000;\">Puerta frontal met\u00e1lica con celos\u00eda y filtro de polvo.<\/span><\/li>\n<\/ul>\n<\/div>\n<\/div>\n<div>\n<div>\n<ul>\n<li><span style=\"color: #000000;\">Sello de puerta evita polvo, agua lluvia y niebla salina<\/span><\/li>\n<\/ul>\n<\/div>\n<\/div>\n<div>\n<div>\n<ul>\n<li><span style=\"color: #000000;\">Incluye 2 ventiladores de 12x12cm &#8211; 220V en el panel superior con termostato regulable de 0\u00ba a 60\u00ba<\/span><\/li>\n<\/ul>\n<\/div>\n<\/div>\n<div>\n<div>\n<ul>\n<li><span style=\"color: #000000;\">4 perfiles verticales estandarizados a 19 pulgadas<\/span><\/li>\n<\/ul>\n<\/div>\n<\/div>\n<div>\n<div>\n<ul>\n<li><span style=\"color: #000000;\">Incluye z\u00f3calo galvanizado.<\/span><\/li>\n<li><span style=\"color: #000000;\">Incluye Brazo Antivandalico de seguridad con llave triangulo..<\/span><\/li>\n<\/ul>\n<\/div>\n<\/div>\n<div>\n<div>\n<ul>\n<li><span style=\"color: #000000;\">Incluye bandeja porta equipos.<\/span><\/li>\n<\/ul>\n<\/div>\n<\/div>\n<div>\n<div>\n<ul>\n<li><span style=\"color: #000000;\">Medidas \u00fatiles entre rieles punzonados de 700mm.<\/span><\/li>\n<li><span style=\"color: #000000;\">Cumple con los est\u00e1ndares ANSI\/EIARS-310-D, DIN41491 PARTE 1, IEC297-2, DIN41944 PARTE 7, GB.T3047.92 y ETSI rack 19&#8243;<\/span><\/li>\n<\/ul>\n<\/div>\n<\/div>\n","protected":false},"excerpt":{"rendered":"<p>Para instalaci\u00f3n de equipos de redes y telecomunicaciones de 19&#8243;. Fabricado en acero laminado en fr\u00edo. Techo prolongado con los costados doblados con salida de aire. Puerta frontal met\u00e1lica con celos\u00eda y filtro de polvo. Sello de puerta evita polvo, agua lluvia y niebla salina Incluye 2 ventiladores de 12x12cm &#8211; 220V en el panel [&hellip;]<\/p>\n","protected":false},"featured_media":8888,"template":"","meta":{"om_disable_all_campaigns":false,"_uag_custom_page_level_css":"","_monsterinsights_skip_tracking":false,"_monsterinsights_sitenote_active":false,"_monsterinsights_sitenote_note":"","_monsterinsights_sitenote_category":0,"site-sidebar-layout":"default","site-content-layout":"","ast-site-content-layout":"default","site-content-style":"default","site-sidebar-style":"default","ast-global-header-display":"","ast-banner-title-visibility":"","ast-main-header-display":"","ast-hfb-above-header-display":"","ast-hfb-below-header-display":"","ast-hfb-mobile-header-display":"","site-post-title":"","ast-breadcrumbs-content":"","ast-featured-img":"","footer-sml-layout":"","theme-transparent-header-meta":"default","adv-header-id-meta":"","stick-header-meta":"","header-above-stick-meta":"","header-main-stick-meta":"","header-below-stick-meta":"","astra-migrate-meta-layouts":"set","ast-page-background-enabled":"default","ast-page-background-meta":{"desktop":{"background-color":"var(--ast-global-color-4)","background-image":"","background-repeat":"repeat","background-position":"center center","background-size":"auto","background-attachment":"scroll","background-type":"","background-media":"","overlay-type":"","overlay-color":"","overlay-opacity":"","overlay-gradient":""},"tablet":{"background-color":"","background-image":"","background-repeat":"repeat","background-position":"center center","background-size":"auto","background-attachment":"scroll","background-type":"","background-media":"","overlay-type":"","overlay-color":"","overlay-opacity":"","overlay-gradient":""},"mobile":{"background-color":"","background-image":"","background-repeat":"repeat","background-position":"center center","background-size":"auto","background-attachment":"scroll","background-type":"","background-media":"","overlay-type":"","overlay-color":"","overlay-opacity":"","overlay-gradient":""}},"ast-content-background-meta":{"desktop":{"background-color":"var(--ast-global-color-5)","background-image":"","background-repeat":"repeat","background-position":"center center","background-size":"auto","background-attachment":"scroll","background-type":"","background-media":"","overlay-type":"","overlay-color":"","overlay-opacity":"","overlay-gradient":""},"tablet":{"background-color":"var(--ast-global-color-5)","background-image":"","background-repeat":"repeat","background-position":"center center","background-size":"auto","background-attachment":"scroll","background-type":"","background-media":"","overlay-type":"","overlay-color":"","overlay-opacity":"","overlay-gradient":""},"mobile":{"background-color":"var(--ast-global-color-5)","background-image":"","background-repeat":"repeat","background-position":"center center","background-size":"auto","background-attachment":"scroll","background-type":"","background-media":"","overlay-type":"","overlay-color":"","overlay-opacity":"","overlay-gradient":""}}},"product_brand":[],"product_cat":[52,49],"product_tag":[56,57,58,59],"class_list":{"0":"post-8870","1":"product","2":"type-product","3":"status-publish","4":"has-post-thumbnail","6":"product_cat-rack-outdoor-importado","7":"product_cat-todos-los-productos","8":"product_tag-ip-65","9":"product_tag-metalico","10":"product_tag-outdoor","11":"product_tag-rack","12":"desktop-align-center","13":"tablet-align-left","14":"mobile-align-center","16":"first","17":"instock","18":"taxable","19":"shipping-taxable","20":"purchasable","21":"product-type-simple"},"aioseo_notices":[],"uagb_featured_image_src":{"full":["https:\/\/electrometal.cl\/wp-content\/uploads\/2026\/01\/7-Photoroom-4.png",483,1200,false],"thumbnail":["https:\/\/electrometal.cl\/wp-content\/uploads\/2026\/01\/7-Photoroom-4.png",60,150,false],"medium":["https:\/\/electrometal.cl\/wp-content\/uploads\/2026\/01\/7-Photoroom-4.png",121,300,false],"medium_large":["https:\/\/electrometal.cl\/wp-content\/uploads\/2026\/01\/7-Photoroom-4.png",483,1200,false],"large":["https:\/\/electrometal.cl\/wp-content\/uploads\/2026\/01\/7-Photoroom-4.png",412,1024,false],"1536x1536":["https:\/\/electrometal.cl\/wp-content\/uploads\/2026\/01\/7-Photoroom-4.png",483,1200,false],"2048x2048":["https:\/\/electrometal.cl\/wp-content\/uploads\/2026\/01\/7-Photoroom-4.png",483,1200,false],"woocommerce_thumbnail":["https:\/\/electrometal.cl\/wp-content\/uploads\/2026\/01\/7-Photoroom-4-121x300.png",121,300,true],"woocommerce_single":["https:\/\/electrometal.cl\/wp-content\/uploads\/2026\/01\/7-Photoroom-4-242x600.png",242,600,true],"woocommerce_gallery_thumbnail":["https:\/\/electrometal.cl\/wp-content\/uploads\/2026\/01\/7-Photoroom-4-40x100.png",40,100,true]},"uagb_author_info":{"display_name":"esalasd66","author_link":"https:\/\/electrometal.cl\/index.php\/author\/"},"uagb_comment_info":0,"uagb_excerpt":"Para instalaci\u00f3n de equipos de redes y telecomunicaciones de 19&#8243;. Fabricado en acero laminado en fr\u00edo. Techo prolongado con los costados doblados con salida de aire. Puerta frontal met\u00e1lica con celos\u00eda y filtro de polvo. Sello de puerta evita polvo, agua lluvia y niebla salina Incluye 2 ventiladores de 12x12cm &#8211; 220V en el panel&hellip;","_links":{"self":[{"href":"https:\/\/electrometal.cl\/index.php\/wp-json\/wp\/v2\/product\/8870","targetHints":{"allow":["GET"]}}],"collection":[{"href":"https:\/\/electrometal.cl\/index.php\/wp-json\/wp\/v2\/product"}],"about":[{"href":"https:\/\/electrometal.cl\/index.php\/wp-json\/wp\/v2\/types\/product"}],"wp:featuredmedia":[{"embeddable":true,"href":"https:\/\/electrometal.cl\/index.php\/wp-json\/wp\/v2\/media\/8888"}],"wp:attachment":[{"href":"https:\/\/electrometal.cl\/index.php\/wp-json\/wp\/v2\/media?parent=8870"}],"wp:term":[{"taxonomy":"product_brand","embeddable":true,"href":"https:\/\/electrometal.cl\/index.php\/wp-json\/wp\/v2\/product_brand?post=8870"},{"taxonomy":"product_cat","embeddable":true,"href":"https:\/\/electrometal.cl\/index.php\/wp-json\/wp\/v2\/product_cat?post=8870"},{"taxonomy":"product_tag","embeddable":true,"href":"https:\/\/electrometal.cl\/index.php\/wp-json\/wp\/v2\/product_tag?post=8870"}],"curies":[{"name":"wp","href":"https:\/\/api.w.org\/{rel}","templated":true}]}}