{"id":8858,"date":"2026-01-25T23:38:11","date_gmt":"2026-01-25T23:38:11","guid":{"rendered":"https:\/\/electrometal.cl\/?post_type=product&#038;p=8858"},"modified":"2026-01-25T23:38:16","modified_gmt":"2026-01-25T23:38:16","slug":"gabinete-mural-redes-switch-dvr-modem-video-vigilancia-cctv-240-x-280-x-310mm","status":"publish","type":"product","link":"https:\/\/electrometal.cl\/index.php\/producto\/gabinete-mural-redes-switch-dvr-modem-video-vigilancia-cctv-240-x-280-x-310mm\/","title":{"rendered":"Gabinete  Mural Redes Switch DVR MODEM VIDEO VIGILANCIA CCTV 240 X 280 X 310mm"},"content":{"rendered":"<ul>\n<li><strong><em>G<\/em><\/strong><em><strong>ABINETE \u00a0PRODUCTO EXCLUSIVAMENTE DISE\u00d1ADO PARA DVR\u00a0 VIDEO VIGILANCIA Y LA INSTALACI\u00d3N DE REDES DOMICILIARIAS, COLEGIOS U OFICINAS EN LOS CUALES SE UTILIZAN SWITCH, M\u00d3DEMS, O ROUTERS PEQUE\u00d1OS QUE NO SON RAQUEABLES\u00a0<\/strong><\/em><\/li>\n<li><em><strong>240 MM ALTO EXTERIOR <\/strong><\/em><\/li>\n<li><em><strong>280 MM ANCHO EXTERIOR <\/strong><\/em><\/li>\n<li><em><strong>310 MM PROFUNDIDAD EXTERIOR <\/strong><\/em><\/li>\n<li><em><strong>ENTRADA Y SALIDA DE CABLES, SUPERIOR E INFERIOR<\/strong><\/em><\/li>\n<li><em><strong>PUERTA FRONTAL VIDRIO TEMPLADO 4 MM CHAPA CON LLAVE<\/strong><\/em><\/li>\n<li><em><strong>PERFORACIONES CON KIT DE ANCLAJE A MURO\u00a0<\/strong><\/em><\/li>\n<li><em><strong>ESPESOR 1 MM CUMPLE NORMA EIA- 310-D ANSI\/ IEC 60529 IP-20<\/strong><\/em><\/li>\n<li><em><strong>TERMINACI\u00d3N PINTURA ELECTROEST\u00c1TICA POLI\u00c9STER COLOR NEGRO\u00a0<\/strong><\/em><\/li>\n<li><em><strong>SOPORTA 20 KG DE CARGA EST\u00c1TICA<\/strong><\/em><\/li>\n<\/ul>\n","protected":false},"excerpt":{"rendered":"<p style=\"text-align: center;\"><strong><em><span style=\"color: #ff6600;\">Gabinete Redes Switch DVR MODEM\u00a0 \u00a0mas IVA<\/span><\/em><\/strong><\/p>\n","protected":false},"featured_media":6586,"template":"","meta":{"om_disable_all_campaigns":false,"_uag_custom_page_level_css":"","_monsterinsights_skip_tracking":false,"_monsterinsights_sitenote_active":false,"_monsterinsights_sitenote_note":"","_monsterinsights_sitenote_category":0,"site-sidebar-layout":"default","site-content-layout":"default","ast-site-content-layout":"default","site-content-style":"default","site-sidebar-style":"default","ast-global-header-display":"","ast-banner-title-visibility":"","ast-main-header-display":"","ast-hfb-above-header-display":"","ast-hfb-below-header-display":"","ast-hfb-mobile-header-display":"","site-post-title":"","ast-breadcrumbs-content":"","ast-featured-img":"","footer-sml-layout":"","theme-transparent-header-meta":"default","adv-header-id-meta":"","stick-header-meta":"","header-above-stick-meta":"","header-main-stick-meta":"","header-below-stick-meta":"","astra-migrate-meta-layouts":"set","ast-page-background-enabled":"default","ast-page-background-meta":{"desktop":{"background-color":"var(--ast-global-color-4)","background-image":"","background-repeat":"repeat","background-position":"center center","background-size":"auto","background-attachment":"scroll","background-type":"","background-media":"","overlay-type":"","overlay-color":"","overlay-opacity":"","overlay-gradient":""},"tablet":{"background-color":"","background-image":"","background-repeat":"repeat","background-position":"center center","background-size":"auto","background-attachment":"scroll","background-type":"","background-media":"","overlay-type":"","overlay-color":"","overlay-opacity":"","overlay-gradient":""},"mobile":{"background-color":"","background-image":"","background-repeat":"repeat","background-position":"center center","background-size":"auto","background-attachment":"scroll","background-type":"","background-media":"","overlay-type":"","overlay-color":"","overlay-opacity":"","overlay-gradient":""}},"ast-content-background-meta":{"desktop":{"background-color":"var(--ast-global-color-5)","background-image":"","background-repeat":"repeat","background-position":"center center","background-size":"auto","background-attachment":"scroll","background-type":"","background-media":"","overlay-type":"","overlay-color":"","overlay-opacity":"","overlay-gradient":""},"tablet":{"background-color":"var(--ast-global-color-5)","background-image":"","background-repeat":"repeat","background-position":"center center","background-size":"auto","background-attachment":"scroll","background-type":"","background-media":"","overlay-type":"","overlay-color":"","overlay-opacity":"","overlay-gradient":""},"mobile":{"background-color":"var(--ast-global-color-5)","background-image":"","background-repeat":"repeat","background-position":"center center","background-size":"auto","background-attachment":"scroll","background-type":"","background-media":"","overlay-type":"","overlay-color":"","overlay-opacity":"","overlay-gradient":""}}},"product_brand":[],"product_cat":[55,49],"product_tag":[],"class_list":{"0":"post-8858","1":"product","2":"type-product","3":"status-publish","4":"has-post-thumbnail","6":"product_cat-rack-mural-ip-20-2","7":"product_cat-todos-los-productos","8":"desktop-align-center","9":"tablet-align-left","10":"mobile-align-center","12":"first","13":"outofstock","14":"taxable","15":"shipping-taxable","16":"purchasable","17":"product-type-simple"},"aioseo_notices":[],"uagb_featured_image_src":{"full":["https:\/\/electrometal.cl\/wp-content\/uploads\/2024\/07\/mini_rak_comd-removebg-preview.png",498,501,false],"thumbnail":["https:\/\/electrometal.cl\/wp-content\/uploads\/2024\/07\/mini_rak_comd-removebg-preview.png",150,150,false],"medium":["https:\/\/electrometal.cl\/wp-content\/uploads\/2024\/07\/mini_rak_comd-removebg-preview.png",298,300,false],"medium_large":["https:\/\/electrometal.cl\/wp-content\/uploads\/2024\/07\/mini_rak_comd-removebg-preview.png",498,501,false],"large":["https:\/\/electrometal.cl\/wp-content\/uploads\/2024\/07\/mini_rak_comd-removebg-preview.png",498,501,false],"1536x1536":["https:\/\/electrometal.cl\/wp-content\/uploads\/2024\/07\/mini_rak_comd-removebg-preview.png",498,501,false],"2048x2048":["https:\/\/electrometal.cl\/wp-content\/uploads\/2024\/07\/mini_rak_comd-removebg-preview.png",498,501,false],"woocommerce_thumbnail":["https:\/\/electrometal.cl\/wp-content\/uploads\/2024\/07\/mini_rak_comd-removebg-preview-298x300.png",298,300,true],"woocommerce_single":["https:\/\/electrometal.cl\/wp-content\/uploads\/2024\/07\/mini_rak_comd-removebg-preview.png",498,501,false],"woocommerce_gallery_thumbnail":["https:\/\/electrometal.cl\/wp-content\/uploads\/2024\/07\/mini_rak_comd-removebg-preview-100x100.png",100,100,true]},"uagb_author_info":{"display_name":"esalasd66","author_link":"https:\/\/electrometal.cl\/index.php\/author\/"},"uagb_comment_info":0,"uagb_excerpt":"Gabinete Redes Switch DVR MODEM\u00a0 \u00a0mas IVA","_links":{"self":[{"href":"https:\/\/electrometal.cl\/index.php\/wp-json\/wp\/v2\/product\/8858","targetHints":{"allow":["GET"]}}],"collection":[{"href":"https:\/\/electrometal.cl\/index.php\/wp-json\/wp\/v2\/product"}],"about":[{"href":"https:\/\/electrometal.cl\/index.php\/wp-json\/wp\/v2\/types\/product"}],"wp:featuredmedia":[{"embeddable":true,"href":"https:\/\/electrometal.cl\/index.php\/wp-json\/wp\/v2\/media\/6586"}],"wp:attachment":[{"href":"https:\/\/electrometal.cl\/index.php\/wp-json\/wp\/v2\/media?parent=8858"}],"wp:term":[{"taxonomy":"product_brand","embeddable":true,"href":"https:\/\/electrometal.cl\/index.php\/wp-json\/wp\/v2\/product_brand?post=8858"},{"taxonomy":"product_cat","embeddable":true,"href":"https:\/\/electrometal.cl\/index.php\/wp-json\/wp\/v2\/product_cat?post=8858"},{"taxonomy":"product_tag","embeddable":true,"href":"https:\/\/electrometal.cl\/index.php\/wp-json\/wp\/v2\/product_tag?post=8858"}],"curies":[{"name":"wp","href":"https:\/\/api.w.org\/{rel}","templated":true}]}}