{"id":4785,"date":"2023-02-21T16:50:45","date_gmt":"2023-02-21T16:50:45","guid":{"rendered":"https:\/\/electrometal.cl\/?post_type=product&#038;p=4785"},"modified":"2025-02-27T15:25:37","modified_gmt":"2025-02-27T15:25:37","slug":"gabinete-rack-exterior-autosoportado-22-ur-x-19-x-800mm-util-modelo-premium","status":"publish","type":"product","link":"https:\/\/electrometal.cl\/index.php\/producto\/gabinete-rack-exterior-autosoportado-22-ur-x-19-x-800mm-util-modelo-premium\/","title":{"rendered":"Gabinete Rack Exterior  Autosoportado 22 UR X 19&#8243; X 800MM UTIL Modelo PREMIUM"},"content":{"rendered":"<ul>\n<li style=\"text-align: left;\"><strong>Rack\u00a0\u00a0Outdoor\u00a0Disponibles en\u00a0:<\/strong><\/li>\n<li style=\"text-align: left;\"><strong>22 UR \u00a0X 19&#8243; \u00a0X \u00a0850 mm\u00a0<\/strong><\/li>\n<li style=\"text-align: left;\"><strong>30 UR \u00a0X 19&#8243; \u00a0X 850 mm<\/strong><\/li>\n<li style=\"text-align: left;\"><strong>38 UR \u00a0X 19&#8243; \u00a0X 850\u00a0 mm\u00a0<\/strong><\/li>\n<li style=\"text-align: left;\"><strong>42 UR \u00a0X 19&#8243; \u00a0X 850\u00a0 mm\u00a0<\/strong><\/li>\n<li style=\"text-align: left;\"><strong>Fabricado en Plancha Galvanizada de 1.5 mm de Espesor<\/strong><\/li>\n<li style=\"text-align: left;\"><strong>Laterales Piso y Techo Compacto con Doble Pliegue Perimetral Bota Agua<\/strong><\/li>\n<li style=\"text-align: left;\"><strong>Puerta Frontal Ciega Galvanizada Abatible en 120 Grados con Sello de Goma Esponja Hidr\u00f3fuga<\/strong><\/li>\n<li style=\"text-align: left;\"><strong>Bisagras Internas Reforzadas \u00a0de Acero Inoxidable<\/strong><\/li>\n<li style=\"text-align: left;\"><strong>Chapa con Llave Tipo Espa\u00f1oleta con Cierre\u00a0Tres Puntos, Brazo Antivandalico Cubre Chapa con Cierre Tipo Triangulo y Aldaba para Candado, Puerta Trasera Embutida Sello de Goma Esponja Hidr\u00f3fuga Apernada Externamente con Pernos Parker Inoxidable<\/strong><\/li>\n<li style=\"text-align: left;\"><strong>Techo Galvanizado Desmontable con Salida de Aire Inferiores por los 4 Costados Apernado Internamente .<\/strong><\/li>\n<li style=\"text-align: left;\"><strong>Incluye Unidad de Ventilaci\u00f3n Forzada Superior con 4 Ventiladores de 220 Volts\u00a0<\/strong><\/li>\n<li style=\"text-align: left;\"><strong>Iluminaci\u00f3n Led 3 Watts con Interruptor\u00a0 y Termostato de Temperatura Ajustable de 0 a 60 Grados<\/strong><\/li>\n<li style=\"text-align: left;\"><strong>Ventilaciones Inferiores Estampadas para Ingreso de Aire en Laterales y Puerta Frontal con Celos\u00edas Internas con Filtro de Polvo Humedad Anti Insectos de F\u00e1cil Recambio<\/strong><\/li>\n<li style=\"text-align: left;\"><strong>Incluye 4 Pilares Galvanizados Montables para 19 Pulgadas Ajustables en Profundidad Espesor 2 Mm Normalizados<\/strong><\/li>\n<li style=\"text-align: left;\"><strong>Kit de Pernos y Tuercas en Jaula M6 para Instalaci\u00f3n de Equipos Raqueables<\/strong><\/li>\n<li style=\"text-align: left;\"><strong>Terminaci\u00f3n Con Pintura Electroest\u00e1tica Poli\u00e9ster \u00a0RAL 7032 Cumple Normas Internacionales Ansi \/ Eia : 310-D<\/strong><\/li>\n<li style=\"text-align: left;\"><strong>E.I.C-297 IP-65 Nema 4x.<\/strong><\/li>\n<\/ul>\n","protected":false},"excerpt":{"rendered":"<p style=\"text-align: center;\"><em><span style=\"color: #ff0000;\">Gabinete Rack Exterior Autosoportado 22 UR X 19&#8243; X 800MM UTIL Modelo PREMIUM\u00a0 mas IVA<\/span><\/em><\/p>\n","protected":false},"featured_media":4608,"template":"","meta":{"om_disable_all_campaigns":false,"_uag_custom_page_level_css":"","_monsterinsights_skip_tracking":false,"_monsterinsights_sitenote_active":false,"_monsterinsights_sitenote_note":"","_monsterinsights_sitenote_category":0,"site-sidebar-layout":"default","site-content-layout":"default","ast-site-content-layout":"default","site-content-style":"default","site-sidebar-style":"default","ast-global-header-display":"","ast-banner-title-visibility":"","ast-main-header-display":"","ast-hfb-above-header-display":"","ast-hfb-below-header-display":"","ast-hfb-mobile-header-display":"","site-post-title":"","ast-breadcrumbs-content":"","ast-featured-img":"","footer-sml-layout":"","theme-transparent-header-meta":"default","adv-header-id-meta":"","stick-header-meta":"","header-above-stick-meta":"","header-main-stick-meta":"","header-below-stick-meta":"","astra-migrate-meta-layouts":"set","ast-page-background-enabled":"default","ast-page-background-meta":{"desktop":{"background-color":"var(--ast-global-color-4)","background-image":"","background-repeat":"repeat","background-position":"center center","background-size":"auto","background-attachment":"scroll","background-type":"","background-media":"","overlay-type":"","overlay-color":"","overlay-opacity":"","overlay-gradient":""},"tablet":{"background-color":"","background-image":"","background-repeat":"repeat","background-position":"center center","background-size":"auto","background-attachment":"scroll","background-type":"","background-media":"","overlay-type":"","overlay-color":"","overlay-opacity":"","overlay-gradient":""},"mobile":{"background-color":"","background-image":"","background-repeat":"repeat","background-position":"center center","background-size":"auto","background-attachment":"scroll","background-type":"","background-media":"","overlay-type":"","overlay-color":"","overlay-opacity":"","overlay-gradient":""}},"ast-content-background-meta":{"desktop":{"background-color":"var(--ast-global-color-5)","background-image":"","background-repeat":"repeat","background-position":"center center","background-size":"auto","background-attachment":"scroll","background-type":"","background-media":"","overlay-type":"","overlay-color":"","overlay-opacity":"","overlay-gradient":""},"tablet":{"background-color":"var(--ast-global-color-5)","background-image":"","background-repeat":"repeat","background-position":"center center","background-size":"auto","background-attachment":"scroll","background-type":"","background-media":"","overlay-type":"","overlay-color":"","overlay-opacity":"","overlay-gradient":""},"mobile":{"background-color":"var(--ast-global-color-5)","background-image":"","background-repeat":"repeat","background-position":"center center","background-size":"auto","background-attachment":"scroll","background-type":"","background-media":"","overlay-type":"","overlay-color":"","overlay-opacity":"","overlay-gradient":""}}},"product_brand":[],"product_cat":[44,49],"product_tag":[],"class_list":{"0":"post-4785","1":"product","2":"type-product","3":"status-publish","4":"has-post-thumbnail","6":"product_cat-rack-outdoor-modelo-premium","7":"product_cat-todos-los-productos","8":"desktop-align-center","9":"tablet-align-left","10":"mobile-align-center","12":"first","13":"outofstock","14":"taxable","15":"shipping-taxable","16":"purchasable","17":"product-type-simple"},"aioseo_notices":[],"uagb_featured_image_src":{"full":["https:\/\/electrometal.cl\/wp-content\/uploads\/2023\/02\/out1jp.jpg",525,689,false],"thumbnail":["https:\/\/electrometal.cl\/wp-content\/uploads\/2023\/02\/out1jp.jpg",114,150,false],"medium":["https:\/\/electrometal.cl\/wp-content\/uploads\/2023\/02\/out1jp.jpg",229,300,false],"medium_large":["https:\/\/electrometal.cl\/wp-content\/uploads\/2023\/02\/out1jp.jpg",525,689,false],"large":["https:\/\/electrometal.cl\/wp-content\/uploads\/2023\/02\/out1jp.jpg",525,689,false],"1536x1536":["https:\/\/electrometal.cl\/wp-content\/uploads\/2023\/02\/out1jp.jpg",525,689,false],"2048x2048":["https:\/\/electrometal.cl\/wp-content\/uploads\/2023\/02\/out1jp.jpg",525,689,false],"woocommerce_thumbnail":["https:\/\/electrometal.cl\/wp-content\/uploads\/2023\/02\/out1jp-300x300.jpg",300,300,true],"woocommerce_single":["https:\/\/electrometal.cl\/wp-content\/uploads\/2023\/02\/out1jp-600x600.jpg",600,600,true],"woocommerce_gallery_thumbnail":["https:\/\/electrometal.cl\/wp-content\/uploads\/2023\/02\/out1jp-100x100.jpg",100,100,true]},"uagb_author_info":{"display_name":"esalasd66","author_link":"https:\/\/electrometal.cl\/index.php\/author\/"},"uagb_comment_info":0,"uagb_excerpt":"Gabinete Rack Exterior Autosoportado 22 UR X 19\" X 800MM UTIL Modelo PREMIUM\u00a0 mas IVA","_links":{"self":[{"href":"https:\/\/electrometal.cl\/index.php\/wp-json\/wp\/v2\/product\/4785","targetHints":{"allow":["GET"]}}],"collection":[{"href":"https:\/\/electrometal.cl\/index.php\/wp-json\/wp\/v2\/product"}],"about":[{"href":"https:\/\/electrometal.cl\/index.php\/wp-json\/wp\/v2\/types\/product"}],"wp:featuredmedia":[{"embeddable":true,"href":"https:\/\/electrometal.cl\/index.php\/wp-json\/wp\/v2\/media\/4608"}],"wp:attachment":[{"href":"https:\/\/electrometal.cl\/index.php\/wp-json\/wp\/v2\/media?parent=4785"}],"wp:term":[{"taxonomy":"product_brand","embeddable":true,"href":"https:\/\/electrometal.cl\/index.php\/wp-json\/wp\/v2\/product_brand?post=4785"},{"taxonomy":"product_cat","embeddable":true,"href":"https:\/\/electrometal.cl\/index.php\/wp-json\/wp\/v2\/product_cat?post=4785"},{"taxonomy":"product_tag","embeddable":true,"href":"https:\/\/electrometal.cl\/index.php\/wp-json\/wp\/v2\/product_tag?post=4785"}],"curies":[{"name":"wp","href":"https:\/\/api.w.org\/{rel}","templated":true}]}}