{"id":5002,"date":"2023-03-22T12:33:06","date_gmt":"2023-03-22T12:33:06","guid":{"rendered":"https:\/\/electrometal.cl\/?page_id=5002"},"modified":"2025-05-18T17:33:40","modified_gmt":"2025-05-18T17:33:40","slug":"nosotros","status":"publish","type":"page","link":"https:\/\/electrometal.cl\/index.php\/nosotros\/","title":{"rendered":"NOSOTROS"},"content":{"rendered":"\n<div class=\"wp-block-uagb-container uagb-block-j3eo1lch alignfull uagb-is-root-container\"><div class=\"uagb-container-inner-blocks-wrap\">\n<div class=\"wp-block-uagb-image alignleft uagb-block-1mzvisbb wp-block-uagb-image--layout-default wp-block-uagb-image--effect-zoomin wp-block-uagb-image--align-left\"><figure class=\"wp-block-uagb-image__figure\"><img decoding=\"async\" srcset=\"https:\/\/electrometal.cl\/wp-content\/uploads\/2024\/06\/foto-fachada-2-contacto.png ,https:\/\/electrometal.cl\/wp-content\/uploads\/2024\/06\/foto-fachada-2-contacto.png 780w, https:\/\/electrometal.cl\/wp-content\/uploads\/2024\/06\/foto-fachada-2-contacto.png 360w\" sizes=\"auto, (max-width: 480px) 150px\" src=\"https:\/\/electrometal.cl\/wp-content\/uploads\/2024\/06\/foto-fachada-2-contacto.png\" alt=\"\" class=\"uag-image-6338\" width=\"563\" height=\"423\" title=\"foto-fachada-2-contacto\" loading=\"lazy\" role=\"img\"\/><\/figure><\/div>\n\n\n\n<div class=\"wp-block-uagb-container uagb-block-4vqiac5b\">\n<div class=\"wp-block-uagb-advanced-heading uagb-block-9c3d9fd3\"><h2 class=\"uagb-heading-text\">Sobre Nosotros<\/h2><\/div>\n\n\n\n<div class=\"wp-block-uagb-advanced-heading uagb-block-294c1e54\"><h4 class=\"uagb-heading-text\">En Imprega Electrometal, somos l\u00edderes en la fabricaci\u00f3n de racks de comunicaciones, redes y tableros met\u00e1licos, ofreciendo soluciones de alta calidad en aceros inoxidables, acero galvanizado y fierro. Nuestra empresa se ha distinguido por su compromiso con la excelencia y la innovaci\u00f3n en el dise\u00f1o y producci\u00f3n de estructuras met\u00e1licas. Cada uno de nuestros productos es elaborado con los m\u00e1s altos est\u00e1ndares de calidad, garantizando durabilidad, resistencia y un rendimiento superior. <br>Nuestro equipo trabaja en estrecha colaboraci\u00f3n con nuestros clientes para desarrollar soluciones que optimicen el rendimiento y la eficiencia de sus instalaciones. En Imprega Electrometal, nos enorgullece ser un socio confiable y estrat\u00e9gico para empresas de diversos sectores, contribuyendo a su \u00e9xito y crecimiento con  productos de alta calidad.<\/h4><\/div>\n<\/div>\n<\/div><\/div>\n\n\n\n<div class=\"wp-block-uagb-container uagb-block-614466ed alignfull uagb-is-root-container\"><div class=\"uagb-container-inner-blocks-wrap\">\n<div class=\"wp-block-group is-nowrap is-layout-flex wp-container-core-group-is-layout-6c531013 wp-block-group-is-layout-flex\">\n<div class=\"wp-block-uagb-container uagb-block-12ac1f6e\">\n<div class=\"wp-block-uagb-advanced-heading uagb-block-0f023970\"><h2 class=\"uagb-heading-text\">Nuestra Historia<\/h2><\/div>\n\n\n\n<div class=\"wp-block-uagb-advanced-heading uagb-block-8fdf1e25\"><h4 class=\"uagb-heading-text\">Con m\u00e1s de 30 a\u00f1os de experiencia en el sector, hemos evolucionado para convertirnos en una referencia en el mercado. A lo largo de estas tres d\u00e9cadas, nuestra empresa ha experimentado un crecimiento constante y sostenido, consolid\u00e1ndose como una de las l\u00edderes en la industria. Hemos logrado trabajar con empresas de todos los tama\u00f1os, tanto en Chile como en el extranjero. Nuestro recorrido se ha caracterizado por nuestra capacidad de adaptaci\u00f3n a los cambios y por una innovaci\u00f3n continua, lo que nos ha permitido no solo mantenernos vigentes, sino tambi\u00e9n marcar tendencias y establecer nuevos est\u00e1ndares de calidad.<br>La confianza que nuestros clientes depositan en nosotros es el resultado de a\u00f1os de esfuerzo, dedicaci\u00f3n y compromiso con la excelencia.<\/h4><\/div>\n<\/div>\n\n\n\n<div class=\"wp-block-uagb-image alignleft uagb-block-adbb8cbe wp-block-uagb-image--layout-default wp-block-uagb-image--effect-zoomin wp-block-uagb-image--align-left uag-hide-mob\"><figure class=\"wp-block-uagb-image__figure\"><img decoding=\"async\" srcset=\"https:\/\/electrometal.cl\/wp-content\/uploads\/2024\/06\/fotofachada1-lista.png ,https:\/\/electrometal.cl\/wp-content\/uploads\/2024\/06\/fotofachada1-lista.png 780w, https:\/\/electrometal.cl\/wp-content\/uploads\/2024\/06\/fotofachada1-lista.png 360w\" sizes=\"auto, (max-width: 480px) 150px\" src=\"https:\/\/electrometal.cl\/wp-content\/uploads\/2024\/06\/fotofachada1-lista.png\" alt=\"\" class=\"uag-image-6344\" width=\"563\" height=\"423\" title=\"fotofachada1-lista\" loading=\"lazy\" role=\"img\"\/><\/figure><\/div>\n<\/div>\n<\/div><\/div>\n\n\n\n<div class=\"wp-block-uagb-container uagb-block-aa6d569b alignfull uagb-is-root-container\"><div class=\"uagb-container-inner-blocks-wrap\">\n<div class=\"wp-block-uagb-image alignleft uagb-block-b1ca68f3 wp-block-uagb-image--layout-default wp-block-uagb-image--effect-zoomin wp-block-uagb-image--align-left\"><figure class=\"wp-block-uagb-image__figure\"><img decoding=\"async\" srcset=\"https:\/\/electrometal.cl\/wp-content\/uploads\/2024\/10\/chispas.png ,https:\/\/electrometal.cl\/wp-content\/uploads\/2024\/10\/chispas.png 780w, https:\/\/electrometal.cl\/wp-content\/uploads\/2024\/10\/chispas.png 360w\" sizes=\"auto, (max-width: 480px) 150px\" src=\"https:\/\/electrometal.cl\/wp-content\/uploads\/2024\/10\/chispas.png\" alt=\"\" class=\"uag-image-7503\" width=\"563\" height=\"423\" title=\"chispas\" loading=\"lazy\" role=\"img\"\/><\/figure><\/div>\n\n\n\n<div class=\"wp-block-uagb-container uagb-block-bd646952\">\n<div class=\"wp-block-uagb-advanced-heading uagb-block-c6a674b3\"><h2 class=\"uagb-heading-text\">Nuestra Misi\u00f3n<\/h2><\/div>\n\n\n\n<div class=\"wp-block-uagb-advanced-heading uagb-block-2639155a\"><h4 class=\"uagb-heading-text\">Nuestra misi\u00f3n es dise\u00f1ar y producir estructuras robustas y duraderas que cumplan con los m\u00e1s altos est\u00e1ndares de la industria. Nos comprometemos a crear productos que no solo satisfagan las necesidades actuales de nuestros clientes, sino que tambi\u00e9n anticipen y se adapten a las futuras demandas del mercado. Para lograr esto, nos enfocamos en la innovaci\u00f3n constante y en la mejora continua de nuestros procesos de fabricaci\u00f3n, utilizando tecnolog\u00eda de punta y materiales de la m\u00e1s alta calidad. Buscamos siempre superar las expectativas de nuestros clientes, brind\u00e1ndoles soluciones que combinan eficiencia, funcionalidad y est\u00e9tica, y estableciendo relaciones de confianza y colaboraci\u00f3n a largo plazo. En cada proyecto, nuestro objetivo es entregar un valor excepcional y contribuir al \u00e9xito de nuestros clientes a trav\u00e9s de la excelencia en el dise\u00f1o y la producci\u00f3n.<\/h4><\/div>\n<\/div>\n<\/div><\/div>\n\n\n\n<div class=\"wp-block-uagb-container uagb-block-31e6b159 alignfull uagb-is-root-container\"><div class=\"uagb-container-inner-blocks-wrap\">\n<div class=\"wp-block-group is-nowrap is-layout-flex wp-container-core-group-is-layout-6c531013 wp-block-group-is-layout-flex\">\n<div class=\"wp-block-uagb-container uagb-block-ac144b0e\">\n<div class=\"wp-block-uagb-advanced-heading uagb-block-a4d068ac\"><h2 class=\"uagb-heading-text\">Contacto<\/h2><\/div>\n\n\n\n<div class=\"wp-block-uagb-advanced-heading uagb-block-47d5ed52\"><h4 class=\"uagb-heading-text\">Para m\u00e1s informaci\u00f3n sobre nuestros productos y servicios, no dudes en contactarnos. Estamos aqu\u00ed para ayudarte a encontrar la soluci\u00f3n perfecta para tus necesidades. Nuestro equipo de expertos est\u00e1 disponible para responder a todas tus preguntas y proporcionarte la asistencia necesaria para asegurar que recibas el mejor soporte posible.<br><br>Puedes comunicarte con nosotros a trav\u00e9s de los siguientes medios:<br>&#8211; <strong>Tel\u00e9fonos Fijos<\/strong>: (22) 5637071 \/ (22) 5634730<br>&#8211; <strong>Correos Electr\u00f3nicos<\/strong>: <strong> ventasmetal@tie.cl \/ fabrica@tie.cl<\/strong><br>&#8211; <strong>Ubicaci\u00f3n<\/strong>: Traslavi\u00f1a N\u00ba1662, en la comuna de Pedro Aguirre   Cerda, Santiago &#8211; Chile<\/h4><\/div>\n<\/div>\n\n\n\n<div class=\"wp-block-uagb-image alignleft uagb-block-1784e065 wp-block-uagb-image--layout-default wp-block-uagb-image--effect-zoomin wp-block-uagb-image--align-left uag-hide-mob\"><figure class=\"wp-block-uagb-image__figure\"><img decoding=\"async\" srcset=\"https:\/\/electrometal.cl\/wp-content\/uploads\/2024\/10\/rackeables-1-1-890x1024.jpg ,https:\/\/electrometal.cl\/wp-content\/uploads\/2024\/10\/rackeables-1-1-scaled.jpg 780w, https:\/\/electrometal.cl\/wp-content\/uploads\/2024\/10\/rackeables-1-1-scaled.jpg 360w\" sizes=\"auto, (max-width: 480px) 150px\" src=\"https:\/\/electrometal.cl\/wp-content\/uploads\/2024\/10\/rackeables-1-1-890x1024.jpg\" alt=\"\" class=\"uag-image-7505\" width=\"563\" height=\"423\" title=\"rackeables (1) (1)\" loading=\"lazy\" role=\"img\"\/><\/figure><\/div>\n<\/div>\n<\/div><\/div>\n\n\n\n<div class=\"wp-block-uagb-container uagb-block-9b91db15 alignfull uagb-is-root-container\"><div class=\"uagb-container__shape uagb-container__shape-bottom uagb-container__invert\" data-negative=\"false\"><svg xmlns=\"https:\/\/www.w3.org\/2000\/svg\" viewBox=\"0 0 283.5 19.6\" preserveAspectRatio=\"none\"><path class=\"uagb-container__shape-fill\" opacity=\"0.33\" d=\"M0 0L0 18.8 141.8 4.1 283.5 18.8 283.5 0z\"><\/path><path class=\"uagb-container__shape-fill\" opacity=\"0.33\" d=\"M0 0L0 12.6 141.8 4 283.5 12.6 283.5 0z\"><\/path><path class=\"uagb-container__shape-fill\" opacity=\"0.33\" d=\"M0 0L0 6.4 141.8 4 283.5 6.4 283.5 0z\"><\/path><path class=\"uagb-container__shape-fill\" d=\"M0 0L0 1.2 141.8 4 283.5 1.2 283.5 0z\"><\/path><\/svg><\/div><div class=\"uagb-container-inner-blocks-wrap\"><\/div><\/div>\n","protected":false},"excerpt":{"rendered":"<p>Sobre Nosotros En Imprega Electrometal, somos l\u00edderes en la fabricaci\u00f3n de racks de comunicaciones, redes y tableros met\u00e1licos, ofreciendo soluciones de alta calidad en aceros inoxidables, acero galvanizado y fierro. Nuestra empresa se ha distinguido por su compromiso con la excelencia y la innovaci\u00f3n en el dise\u00f1o y producci\u00f3n de estructuras met\u00e1licas. Cada uno de [&hellip;]<\/p>\n","protected":false},"author":1,"featured_media":0,"parent":0,"menu_order":0,"comment_status":"closed","ping_status":"closed","template":"","meta":{"om_disable_all_campaigns":false,"_uag_custom_page_level_css":"","_monsterinsights_skip_tracking":false,"_monsterinsights_sitenote_active":false,"_monsterinsights_sitenote_note":"","_monsterinsights_sitenote_category":0,"site-sidebar-layout":"default","site-content-layout":"","ast-site-content-layout":"default","site-content-style":"default","site-sidebar-style":"default","ast-global-header-display":"","ast-banner-title-visibility":"","ast-main-header-display":"","ast-hfb-above-header-display":"","ast-hfb-below-header-display":"","ast-hfb-mobile-header-display":"","site-post-title":"disabled","ast-breadcrumbs-content":"","ast-featured-img":"","footer-sml-layout":"","theme-transparent-header-meta":"","adv-header-id-meta":"","stick-header-meta":"","header-above-stick-meta":"","header-main-stick-meta":"","header-below-stick-meta":"","astra-migrate-meta-layouts":"set","ast-page-background-enabled":"default","ast-page-background-meta":{"desktop":{"background-color":"var(--ast-global-color-4)","background-image":"","background-repeat":"repeat","background-position":"center center","background-size":"auto","background-attachment":"scroll","background-type":"","background-media":"","overlay-type":"","overlay-color":"","overlay-opacity":"","overlay-gradient":""},"tablet":{"background-color":"","background-image":"","background-repeat":"repeat","background-position":"center center","background-size":"auto","background-attachment":"scroll","background-type":"","background-media":"","overlay-type":"","overlay-color":"","overlay-opacity":"","overlay-gradient":""},"mobile":{"background-color":"","background-image":"","background-repeat":"repeat","background-position":"center center","background-size":"auto","background-attachment":"scroll","background-type":"","background-media":"","overlay-type":"","overlay-color":"","overlay-opacity":"","overlay-gradient":""}},"ast-content-background-meta":{"desktop":{"background-color":"var(--ast-global-color-5)","background-image":"","background-repeat":"repeat","background-position":"center center","background-size":"auto","background-attachment":"scroll","background-type":"","background-media":"","overlay-type":"","overlay-color":"","overlay-opacity":"","overlay-gradient":""},"tablet":{"background-color":"var(--ast-global-color-5)","background-image":"","background-repeat":"repeat","background-position":"center center","background-size":"auto","background-attachment":"scroll","background-type":"","background-media":"","overlay-type":"","overlay-color":"","overlay-opacity":"","overlay-gradient":""},"mobile":{"background-color":"var(--ast-global-color-5)","background-image":"","background-repeat":"repeat","background-position":"center center","background-size":"auto","background-attachment":"scroll","background-type":"","background-media":"","overlay-type":"","overlay-color":"","overlay-opacity":"","overlay-gradient":""}},"footnotes":""},"class_list":["post-5002","page","type-page","status-publish","hentry"],"aioseo_notices":[],"uagb_featured_image_src":{"full":false,"thumbnail":false,"medium":false,"medium_large":false,"large":false,"1536x1536":false,"2048x2048":false,"woocommerce_thumbnail":false,"woocommerce_single":false,"woocommerce_gallery_thumbnail":false},"uagb_author_info":{"display_name":"esalasd66","author_link":"https:\/\/electrometal.cl\/index.php\/author\/esalasd66\/"},"uagb_comment_info":0,"uagb_excerpt":"Sobre Nosotros En Imprega Electrometal, somos l\u00edderes en la fabricaci\u00f3n de racks de comunicaciones, redes y tableros met\u00e1licos, ofreciendo soluciones de alta calidad en aceros inoxidables, acero galvanizado y fierro. Nuestra empresa se ha distinguido por su compromiso con la excelencia y la innovaci\u00f3n en el dise\u00f1o y producci\u00f3n de estructuras met\u00e1licas. Cada uno de&hellip;","_links":{"self":[{"href":"https:\/\/electrometal.cl\/index.php\/wp-json\/wp\/v2\/pages\/5002","targetHints":{"allow":["GET"]}}],"collection":[{"href":"https:\/\/electrometal.cl\/index.php\/wp-json\/wp\/v2\/pages"}],"about":[{"href":"https:\/\/electrometal.cl\/index.php\/wp-json\/wp\/v2\/types\/page"}],"author":[{"embeddable":true,"href":"https:\/\/electrometal.cl\/index.php\/wp-json\/wp\/v2\/users\/1"}],"replies":[{"embeddable":true,"href":"https:\/\/electrometal.cl\/index.php\/wp-json\/wp\/v2\/comments?post=5002"}],"version-history":[{"count":28,"href":"https:\/\/electrometal.cl\/index.php\/wp-json\/wp\/v2\/pages\/5002\/revisions"}],"predecessor-version":[{"id":8481,"href":"https:\/\/electrometal.cl\/index.php\/wp-json\/wp\/v2\/pages\/5002\/revisions\/8481"}],"wp:attachment":[{"href":"https:\/\/electrometal.cl\/index.php\/wp-json\/wp\/v2\/media?parent=5002"}],"curies":[{"name":"wp","href":"https:\/\/api.w.org\/{rel}","templated":true}]}}